{"id":284,"date":"2020-07-26T15:50:39","date_gmt":"2020-07-26T12:50:39","guid":{"rendered":"http:\/\/cygniwplight.pethemes.com\/?page_id=284"},"modified":"2023-03-15T13:45:39","modified_gmt":"2023-03-15T12:45:39","slug":"detailed","status":"publish","type":"page","link":"https:\/\/www.doubleffect.com\/?page_id=284","title":{"rendered":"Detailed"},"content":{"rendered":"\t\t<div data-elementor-type=\"wp-page\" data-elementor-id=\"284\" class=\"elementor elementor-284\">\n\t\t\t\t\t\t<section class=\"elementor-section elementor-top-section elementor-element elementor-element-a770e00 elementor-section-full_width elementor-section-height-default elementor-section-height-default\" data-id=\"a770e00\" data-element_type=\"section\">\n\t\t\t\t\t\t<div class=\"elementor-container elementor-column-gap-default\">\n\t\t\t\t\t<div class=\"elementor-column elementor-col-100 elementor-top-column elementor-element elementor-element-9753ed8\" data-id=\"9753ed8\" data-element_type=\"column\">\n\t\t\t<div class=\"elementor-widget-wrap elementor-element-populated\">\n\t\t\t\t\t\t<div class=\"elementor-element elementor-element-6538941 elementor-widget elementor-widget-detailed\" data-id=\"6538941\" data-element_type=\"widget\" data-widget_type=\"detailed.default\">\n\t\t\t\t<div class=\"elementor-widget-container\">\n\t\t\t<!-- Detailed Projects -->\n<div class=\"fullscreen portfolio-showcase detailed\">\n\n    <span class=\"dt-ov\"><\/span>\n\n    <div class=\"detailed-portfolios\">\n\n\n                <!-- Project -->\n        <div class=\"detailed-project\">\n\n            <!-- Project Details -->\n            <div class=\"project-details\">\n\n                <!-- Project URL -->\n                <a href=\"https:\/\/www.doubleffect.com\/?portfolios=studentstation\"><\/a>\n                <!-- \/Project URL -->\n\n                                <!-- Project Category -->\n                <div class=\"project-category\">G\u00e9stion<\/div>\n                <!--\/ Project Category -->\n                \n                                <!-- Project Year -->\n                <div class=\"project-year\">r\u00e9sidence \u00e9tudiante<\/div>\n                <!-- Project Year -->\n                \n                <!-- Project Title -->\n                <div class=\"project-title\">Student Station<\/div>\n                <!-- Project Title -->\n\n                                <!-- Project Excerpt -->\n                <div class=\"project-excerpt\">\n                    Studentstation liege\r\nR\u00e9sidence pour \u00e9tudiants au c\u0153ur de la Cit\u00e9 Ardente.                <\/div>\n                <!-- Project Excerpt -->\n                \n                                <!-- Project Metas -->\n                <div class=\"project-metas\">\n\n                    \n                                        <div class=\"project-meta\"><span class=\"meta-title\">Projet: <\/span> Immeuble \u00e9tudiant <\/div>\n                    \n                    \n                    \n                    \n                    \n                    \n                                        <div class=\"project-meta\"><span class=\"meta-title\">t\u00e2ches : <\/span> Gestion et Entretien<\/div>\n                    \n                    \n                <\/div>\n                <!-- Project Metas -->\n                \n            <\/div>\n            <!--\/ Project Details -->\n\n            <!-- Project Image -->\n            <div class=\"project-image\">\n                \n                \n                \n                <img decoding=\"async\" src=\"https:\/\/www.doubleffect.com\/wp-content\/uploads\/2020\/07\/bs_cov-7.jpg\" alt=\"Big Slider Project Image\">\n\n                \n                            <\/div>\n            <!--\/ Project Image -->\n\n        <\/div>\n        <!--\/ Project -->\n                <!-- Project -->\n        <div class=\"detailed-project\">\n\n            <!-- Project Details -->\n            <div class=\"project-details\">\n\n                <!-- Project URL -->\n                <a href=\"https:\/\/www.doubleffect.com\/?portfolios=doubleffect\"><\/a>\n                <!-- \/Project URL -->\n\n                                <!-- Project Category -->\n                <div class=\"project-category\">Gestion &amp; cr\u00e9ation<\/div>\n                <!--\/ Project Category -->\n                \n                                <!-- Project Year -->\n                <div class=\"project-year\">2019<\/div>\n                <!-- Project Year -->\n                \n                <!-- Project Title -->\n                <div class=\"project-title\">Doubleffect<\/div>\n                <!-- Project Title -->\n\n                                <!-- Project Excerpt -->\n                <div class=\"project-excerpt\">\n                    Caran D'Ache fait appel \u00e0 l'agence Details pour\r\nl'accompagner dans le lancement.                <\/div>\n                <!-- Project Excerpt -->\n                \n                                <!-- Project Metas -->\n                <div class=\"project-metas\">\n\n                    \n                                        <div class=\"project-meta\"><span class=\"meta-title\">Client: <\/span> Hennessy<\/div>\n                    \n                    \n                    \n                    \n                    \n                    \n                                        <div class=\"project-meta\"><span class=\"meta-title\">Role: <\/span> Web Arts<\/div>\n                    \n                    \n                <\/div>\n                <!-- Project Metas -->\n                \n            <\/div>\n            <!--\/ Project Details -->\n\n            <!-- Project Image -->\n            <div class=\"project-image\">\n                \n                \n                \n                <img decoding=\"async\" src=\"https:\/\/www.doubleffect.com\/wp-content\/uploads\/2020\/07\/bs_cov-1-3.jpg\" alt=\"Big Slider Project Image\">\n\n                \n                            <\/div>\n            <!--\/ Project Image -->\n\n        <\/div>\n        <!--\/ Project -->\n                <!-- Project -->\n        <div class=\"detailed-project\">\n\n            <!-- Project Details -->\n            <div class=\"project-details\">\n\n                <!-- Project URL -->\n                <a href=\"https:\/\/www.doubleffect.com\/?portfolios=cxsun\"><\/a>\n                <!-- \/Project URL -->\n\n                                <!-- Project Category -->\n                <div class=\"project-category\">Am\u00e9lioration<\/div>\n                <!--\/ Project Category -->\n                \n                                <!-- Project Year -->\n                <div class=\"project-year\">2009<\/div>\n                <!-- Project Year -->\n                \n                <!-- Project Title -->\n                <div class=\"project-title\">CX Sun<\/div>\n                <!-- Project Title -->\n\n                                <!-- Project Excerpt -->\n                <div class=\"project-excerpt\">\n                    Let's unpack that later idea shower we need to have a\r\nCome to Jesus meeting with Phil about his attitude.                <\/div>\n                <!-- Project Excerpt -->\n                \n                                <!-- Project Metas -->\n                <div class=\"project-metas\">\n\n                    \n                                        <div class=\"project-meta\"><span class=\"meta-title\">Client: <\/span> Saleur<\/div>\n                    \n                    \n                    \n                    \n                    \n                    \n                                        <div class=\"project-meta\"><span class=\"meta-title\">Type: <\/span> Stocks<\/div>\n                    \n                    \n                <\/div>\n                <!-- Project Metas -->\n                \n            <\/div>\n            <!--\/ Project Details -->\n\n            <!-- Project Image -->\n            <div class=\"project-image\">\n                \n                \n                \n                <video autoplay muted loop playsinline>\n                    <source src=\"https:\/\/cygnivideos.imfast.io\/big-cov.mp4\">\n                <\/video>\n\n                \n                            <\/div>\n            <!--\/ Project Image -->\n\n        <\/div>\n        <!--\/ Project -->\n                <!-- Project -->\n        <div class=\"detailed-project\">\n\n            <!-- Project Details -->\n            <div class=\"project-details\">\n\n                <!-- Project URL -->\n                <a href=\"https:\/\/www.doubleffect.com\/?portfolios=avroy190\"><\/a>\n                <!-- \/Project URL -->\n\n                                <!-- Project Category -->\n                <div class=\"project-category\">G\u00e9stion<\/div>\n                <!--\/ Project Category -->\n                \n                                <!-- Project Year -->\n                <div class=\"project-year\">2020<\/div>\n                <!-- Project Year -->\n                \n                <!-- Project Title -->\n                <div class=\"project-title\">Avroy 190<\/div>\n                <!-- Project Title -->\n\n                                <!-- Project Excerpt -->\n                <div class=\"project-excerpt\">\n                    Deploy we need to dialog around your choice of work\r\nattire, or let's put a pin in that good optics.                 <\/div>\n                <!-- Project Excerpt -->\n                \n                                <!-- Project Metas -->\n                <div class=\"project-metas\">\n\n                    \n                                        <div class=\"project-meta\"><span class=\"meta-title\">Client: <\/span> Strist<\/div>\n                    \n                    \n                    \n                    \n                    \n                    \n                                        <div class=\"project-meta\"><span class=\"meta-title\">Place: <\/span> Interior<\/div>\n                    \n                    \n                <\/div>\n                <!-- Project Metas -->\n                \n            <\/div>\n            <!--\/ Project Details -->\n\n            <!-- Project Image -->\n            <div class=\"project-image\">\n                \n                \n                \n                <img decoding=\"async\" src=\"https:\/\/www.doubleffect.com\/wp-content\/uploads\/2020\/07\/bs_cov-3-3.jpg\" alt=\"Big Slider Project Image\">\n\n                \n                            <\/div>\n            <!--\/ Project Image -->\n\n        <\/div>\n        <!--\/ Project -->\n                <!-- Project -->\n        <div class=\"detailed-project\">\n\n            <!-- Project Details -->\n            <div class=\"project-details\">\n\n                <!-- Project URL -->\n                <a href=\"https:\/\/www.doubleffect.com\/?portfolios=milk\"><\/a>\n                <!-- \/Project URL -->\n\n                                <!-- Project Category -->\n                <div class=\"project-category\">Cr\u00e9ateurs et gestionnaires<\/div>\n                <!--\/ Project Category -->\n                \n                                <!-- Project Year -->\n                <div class=\"project-year\">Li\u00e8ge<\/div>\n                <!-- Project Year -->\n                \n                <!-- Project Title -->\n                <div class=\"project-title\">MILK Shop<\/div>\n                <!-- Project Title -->\n\n                                <!-- Project Excerpt -->\n                <div class=\"project-excerpt\">\n                    Concept store li\u00e9geois qui propose un espace Multi-marques qui allie rapports d\u00e9mocratiques et pi\u00e8ces exclusives haut de gamme....                <\/div>\n                <!-- Project Excerpt -->\n                \n                                <!-- Project Metas -->\n                <div class=\"project-metas\">\n\n                    \n                                        <div class=\"project-meta\"><span class=\"meta-title\">actionnaire: <\/span> Celule corp<\/div>\n                    \n                    \n                    \n                    \n                    \n                    \n                                        <div class=\"project-meta\"><span class=\"meta-title\">Place: <\/span> Interior<\/div>\n                    \n                    \n                <\/div>\n                <!-- Project Metas -->\n                \n            <\/div>\n            <!--\/ Project Details -->\n\n            <!-- Project Image -->\n            <div class=\"project-image\">\n                \n                \n                \n                <img decoding=\"async\" src=\"https:\/\/www.doubleffect.com\/wp-content\/uploads\/2020\/07\/bs_cov-3-3.jpg\" alt=\"Big Slider Project Image\">\n\n                \n                            <\/div>\n            <!--\/ Project Image -->\n\n        <\/div>\n        <!--\/ Project -->\n                <!-- Project -->\n        <div class=\"detailed-project\">\n\n            <!-- Project Details -->\n            <div class=\"project-details\">\n\n                <!-- Project URL -->\n                <a href=\"https:\/\/www.doubleffect.com\/?portfolios=xkinvest\"><\/a>\n                <!-- \/Project URL -->\n\n                                <!-- Project Category -->\n                <div class=\"project-category\">Cr\u00e9ateurs et gestionnaires<\/div>\n                <!--\/ Project Category -->\n                \n                                <!-- Project Year -->\n                <div class=\"project-year\">2018<\/div>\n                <!-- Project Year -->\n                \n                <!-- Project Title -->\n                <div class=\"project-title\">Xk Invest<\/div>\n                <!-- Project Title -->\n\n                                <!-- Project Excerpt -->\n                <div class=\"project-excerpt\">\n                    Do i have consent to record this meeting downselect,\r\ncloud native container based for time.                <\/div>\n                <!-- Project Excerpt -->\n                \n                                <!-- Project Metas -->\n                <div class=\"project-metas\">\n\n                    \n                                        <div class=\"project-meta\"><span class=\"meta-title\">Client: <\/span> Funtry<\/div>\n                    \n                    \n                    \n                    \n                    \n                    \n                                        <div class=\"project-meta\"><span class=\"meta-title\">Sector: <\/span> Fashion<\/div>\n                    \n                    \n                <\/div>\n                <!-- Project Metas -->\n                \n            <\/div>\n            <!--\/ Project Details -->\n\n            <!-- Project Image -->\n            <div class=\"project-image\">\n                \n                \n                \n                <img decoding=\"async\" src=\"https:\/\/www.doubleffect.com\/wp-content\/uploads\/2020\/07\/image_1-6-3.jpg\" alt=\"Big Slider Project Image\">\n\n                \n                            <\/div>\n            <!--\/ Project Image -->\n\n        <\/div>\n        <!--\/ Project -->\n        \n\n    <\/div>\n\n    <!-- Images Container (Don't Touch) -->\n    <div class=\"detailed-images swiper-container\"><\/div>\n    <!-- Images Container (Don't Touch) -->\n\n    <!-- Project Button -->\n    <div class=\"detailed-button\">voir<\/div>\n    <!--\/ Project Button -->\n    \n         \n        <div class=\"detailed-arrows\">\n        <div class=\"detailed-prev\"><i class=\"icon-up-open-big\"><\/i><\/div>\n        <div class=\"detailed-next\"><i class=\"icon-down-open-big\"><\/i><\/div>\n    <\/div>\n    \n        <!-- Detailed Fraction (Don't Touch) -->\n    <div class=\"detailed-fraction\">\n        <div class=\"current\">01<\/div>\n        <div class=\"total\"><\/div>\n    <\/div>\n    <!-- Detailed Fraction (Don't Touch) -->\n        \n         <!-- Detailed Dots -->\n    <div class=\"detailed-dots\">\n    <\/div>\n    <!--\/ Detailed Dots -->\n  <\/div>\n\n<!--\/ Detailed Projects -->\n\n\n\t\t<\/div>\n\t\t\t\t<\/div>\n\t\t\t\t\t<\/div>\n\t\t<\/div>\n\t\t\t\t\t<\/div>\n\t\t<\/section>\n\t\t\t\t<\/div>\n\t\t","protected":false},"excerpt":{"rendered":"<p>Branding 2020 Flavia Botanicals Hire the best three-martini lunch. Zeitgeist strategic staircase, for draw a line in the sand, so high. Client: Strade Brief: Redesign Branding 2019 Vanessa Claro Caran D&rsquo;Ache fait appel \u00e0 l&rsquo;agence Details pour l&rsquo;accompagner dans le lancement. Client: Hennessy Role: Web Arts Video Production 2009 Diamond Let&rsquo;s unpack that later idea [&hellip;]<\/p>\n","protected":false},"author":1,"featured_media":0,"parent":0,"menu_order":0,"comment_status":"closed","ping_status":"closed","template":"","meta":{"_acf_changed":false,"_monsterinsights_skip_tracking":false,"_monsterinsights_sitenote_active":false,"_monsterinsights_sitenote_note":"","_monsterinsights_sitenote_category":0,"footnotes":""},"class_list":["post-284","page","type-page","status-publish","hentry"],"acf":[],"aioseo_notices":[],"_links":{"self":[{"href":"https:\/\/www.doubleffect.com\/index.php?rest_route=\/wp\/v2\/pages\/284","targetHints":{"allow":["GET"]}}],"collection":[{"href":"https:\/\/www.doubleffect.com\/index.php?rest_route=\/wp\/v2\/pages"}],"about":[{"href":"https:\/\/www.doubleffect.com\/index.php?rest_route=\/wp\/v2\/types\/page"}],"author":[{"embeddable":true,"href":"https:\/\/www.doubleffect.com\/index.php?rest_route=\/wp\/v2\/users\/1"}],"replies":[{"embeddable":true,"href":"https:\/\/www.doubleffect.com\/index.php?rest_route=%2Fwp%2Fv2%2Fcomments&post=284"}],"version-history":[{"count":5,"href":"https:\/\/www.doubleffect.com\/index.php?rest_route=\/wp\/v2\/pages\/284\/revisions"}],"predecessor-version":[{"id":2398,"href":"https:\/\/www.doubleffect.com\/index.php?rest_route=\/wp\/v2\/pages\/284\/revisions\/2398"}],"wp:attachment":[{"href":"https:\/\/www.doubleffect.com\/index.php?rest_route=%2Fwp%2Fv2%2Fmedia&parent=284"}],"curies":[{"name":"wp","href":"https:\/\/api.w.org\/{rel}","templated":true}]}}