{"id":333,"date":"2020-07-26T17:38:23","date_gmt":"2020-07-26T14:38:23","guid":{"rendered":"http:\/\/cygniwplight.pethemes.com\/?page_id=333"},"modified":"2023-03-28T15:23:29","modified_gmt":"2023-03-28T13:23:29","slug":"contact","status":"publish","type":"page","link":"https:\/\/www.doubleffect.com\/?page_id=333","title":{"rendered":"Contact"},"content":{"rendered":"\t\t<div data-elementor-type=\"wp-page\" data-elementor-id=\"333\" class=\"elementor elementor-333\">\n\t\t\t\t\t\t<section class=\"elementor-section elementor-top-section elementor-element elementor-element-07bef9a wrapper-small elementor-section-boxed elementor-section-height-default elementor-section-height-default\" data-id=\"07bef9a\" data-element_type=\"section\">\n\t\t\t\t\t\t<div class=\"elementor-container elementor-column-gap-default\">\n\t\t\t\t\t<div class=\"elementor-column elementor-col-50 elementor-top-column elementor-element elementor-element-326b5f5\" data-id=\"326b5f5\" data-element_type=\"column\">\n\t\t\t<div class=\"elementor-widget-wrap elementor-element-populated\">\n\t\t\t\t\t\t<div class=\"elementor-element elementor-element-4baf748 elementor-hidden-desktop elementor-hidden-tablet elementor-widget elementor-widget-spacer\" data-id=\"4baf748\" data-element_type=\"widget\" data-widget_type=\"spacer.default\">\n\t\t\t\t<div class=\"elementor-widget-container\">\n\t\t\t<style>\/*! elementor - v3.21.0 - 08-05-2024 *\/\n.elementor-column .elementor-spacer-inner{height:var(--spacer-size)}.e-con{--container-widget-width:100%}.e-con-inner>.elementor-widget-spacer,.e-con>.elementor-widget-spacer{width:var(--container-widget-width,var(--spacer-size));--align-self:var(--container-widget-align-self,initial);--flex-shrink:0}.e-con-inner>.elementor-widget-spacer>.elementor-widget-container,.e-con>.elementor-widget-spacer>.elementor-widget-container{height:100%;width:100%}.e-con-inner>.elementor-widget-spacer>.elementor-widget-container>.elementor-spacer,.e-con>.elementor-widget-spacer>.elementor-widget-container>.elementor-spacer{height:100%}.e-con-inner>.elementor-widget-spacer>.elementor-widget-container>.elementor-spacer>.elementor-spacer-inner,.e-con>.elementor-widget-spacer>.elementor-widget-container>.elementor-spacer>.elementor-spacer-inner{height:var(--container-widget-height,var(--spacer-size))}.e-con-inner>.elementor-widget-spacer.elementor-widget-empty,.e-con>.elementor-widget-spacer.elementor-widget-empty{position:relative;min-height:22px;min-width:22px}.e-con-inner>.elementor-widget-spacer.elementor-widget-empty .elementor-widget-empty-icon,.e-con>.elementor-widget-spacer.elementor-widget-empty .elementor-widget-empty-icon{position:absolute;top:0;bottom:0;left:0;right:0;margin:auto;padding:0;width:22px;height:22px}<\/style>\t\t<div class=\"elementor-spacer\">\n\t\t\t<div class=\"elementor-spacer-inner\"><\/div>\n\t\t<\/div>\n\t\t\t\t<\/div>\n\t\t\t\t<\/div>\n\t\t\t\t<div class=\"elementor-element elementor-element-c660ffd elementor-hidden-mobile elementor-widget elementor-widget-cygnitextbox\" data-id=\"c660ffd\" data-element_type=\"widget\" data-widget_type=\"cygnitextbox.default\">\n\t\t\t\t<div class=\"elementor-widget-container\">\n\t\t\t<!-- Heading Wrapper -->\n<div class=\"text-wrapper\">\n    \n    <div data-delay=\"0\" style=\"\" class=\"caption align-left has-animation skew-up\" data-scroll>contact<\/div>\n  <div data-scroll data-delay=\"0\"  class=\"has-animation skew-up align-left\" style=\"font-weight:600;font-style:normal;font-size:100px;line-height:110px;\">Contactez-\n<br>nous<\/div>   \n\n<\/div>\n<!--\/ Heading Wrapper -->\n\n\n\n\t\t<\/div>\n\t\t\t\t<\/div>\n\t\t\t\t<div class=\"elementor-element elementor-element-18f351e elementor-hidden-desktop elementor-hidden-tablet elementor-widget elementor-widget-cygnitextbox\" data-id=\"18f351e\" data-element_type=\"widget\" data-widget_type=\"cygnitextbox.default\">\n\t\t\t\t<div class=\"elementor-widget-container\">\n\t\t\t<!-- Heading Wrapper -->\n<div class=\"text-wrapper\">\n    \n    <div data-delay=\"0\" style=\"\" class=\"caption align-left has-animation skew-up\" data-scroll>contact<\/div>\n  <h1 data-scroll data-delay=\"0\"  class=\"has-animation skew-up align-left\" style=\"font-weight:600;font-style:normal;\">contactez-nous<\/h1>   \n\n<\/div>\n<!--\/ Heading Wrapper -->\n\n\n\n\t\t<\/div>\n\t\t\t\t<\/div>\n\t\t\t\t\t<\/div>\n\t\t<\/div>\n\t\t\t\t<div class=\"elementor-column elementor-col-50 elementor-top-column elementor-element elementor-element-2bc6a0f\" data-id=\"2bc6a0f\" data-element_type=\"column\">\n\t\t\t<div class=\"elementor-widget-wrap\">\n\t\t\t\t\t\t\t<\/div>\n\t\t<\/div>\n\t\t\t\t\t<\/div>\n\t\t<\/section>\n\t\t\t\t<section class=\"elementor-section elementor-top-section elementor-element elementor-element-70c46d0 wrapper-small elementor-section-full_width elementor-section-height-default elementor-section-height-default\" data-id=\"70c46d0\" data-element_type=\"section\" data-settings=\"{&quot;background_background&quot;:&quot;classic&quot;}\">\n\t\t\t\t\t\t<div class=\"elementor-container elementor-column-gap-wide\">\n\t\t\t\t\t<div class=\"elementor-column elementor-col-50 elementor-top-column elementor-element elementor-element-71dd929\" data-id=\"71dd929\" data-element_type=\"column\">\n\t\t\t<div class=\"elementor-widget-wrap elementor-element-populated\">\n\t\t\t\t\t\t<div class=\"elementor-element elementor-element-48afedd elementor-widget elementor-widget-cygnitextbox\" data-id=\"48afedd\" data-element_type=\"widget\" data-widget_type=\"cygnitextbox.default\">\n\t\t\t\t<div class=\"elementor-widget-container\">\n\t\t\t<!-- Heading Wrapper -->\n<div class=\"text-wrapper\">\n    \n    <div data-delay=\"0.4\" style=\"color:#707070;\" class=\"caption align-left has-animation lines-up\" data-scroll><\/div>\n  <div data-scroll data-delay=\"0.4\"  class=\"has-animation lines-up align-left\" style=\"font-weight:400;font-style:normal;color:#707070;font-size:21px;line-height:34px;\">Nous sommes impatients de discuter avec vous et de voir comment nous pouvons vous aider. <br>\nRemplissez le formulaire de contact ci-dessous et nous vous r\u00e9pondrons dans les plus brefs d\u00e9lais.\n<\/div>   \n\n<\/div>\n<!--\/ Heading Wrapper -->\n\n\n\n\t\t<\/div>\n\t\t\t\t<\/div>\n\t\t\t\t\t<\/div>\n\t\t<\/div>\n\t\t\t\t<div class=\"elementor-column elementor-col-50 elementor-top-column elementor-element elementor-element-98707c7\" data-id=\"98707c7\" data-element_type=\"column\">\n\t\t\t<div class=\"elementor-widget-wrap elementor-element-populated\">\n\t\t\t\t\t\t<div class=\"elementor-element elementor-element-f17172e elementor-widget elementor-widget-cygnitextbox\" data-id=\"f17172e\" data-element_type=\"widget\" data-widget_type=\"cygnitextbox.default\">\n\t\t\t\t<div class=\"elementor-widget-container\">\n\t\t\t<!-- Heading Wrapper -->\n<div class=\"text-wrapper\">\n    \n    <div data-delay=\"1.2\" style=\"color:#020202;\" class=\"caption align-left has-animation lines-fade-up\" data-scroll>ADRESSE<\/div>\n  <div data-scroll data-delay=\"1.2\"  class=\"has-animation lines-fade-up align-left\" style=\"font-weight:400;font-style:normal;color:#020202;font-size:21px;line-height:34px;\">76 Avenue Blonden\n<br>4000 Li\u00e8ge\n<\/div>   \n\n<\/div>\n<!--\/ Heading Wrapper -->\n\n\n\n\t\t<\/div>\n\t\t\t\t<\/div>\n\t\t\t\t<div class=\"elementor-element elementor-element-234d53d elementor-widget elementor-widget-cygnitextbox\" data-id=\"234d53d\" data-element_type=\"widget\" data-widget_type=\"cygnitextbox.default\">\n\t\t\t\t<div class=\"elementor-widget-container\">\n\t\t\t<!-- Heading Wrapper -->\n<div class=\"text-wrapper\">\n    \n    <div data-delay=\"1.5\" style=\"color:#000000;\" class=\"caption align-left has-animation lines-fade-up\" data-scroll>TEL<\/div>\n  <div data-scroll data-delay=\"1.5\"  class=\"has-animation lines-fade-up align-left\" style=\"font-weight:400;font-style:normal;color:#000000;font-size:21px;line-height:34px;\">+32 (0) 789 54 21<\/div>   \n\n<\/div>\n<!--\/ Heading Wrapper -->\n\n\n\n\t\t<\/div>\n\t\t\t\t<\/div>\n\t\t\t\t<div class=\"elementor-element elementor-element-b742d95 elementor-widget elementor-widget-cygnitextbox\" data-id=\"b742d95\" data-element_type=\"widget\" data-widget_type=\"cygnitextbox.default\">\n\t\t\t\t<div class=\"elementor-widget-container\">\n\t\t\t<!-- Heading Wrapper -->\n<div class=\"text-wrapper\">\n    \n    <div data-delay=\"0\" style=\"color:#070707;\" class=\"caption align-left has-animation lines-fade-up\" data-scroll>MAIL<\/div>\n  <div data-scroll data-delay=\"0\"  class=\"has-animation lines-fade-up align-left\" style=\"font-weight:400;font-style:normal;color:#070707;font-size:21px;line-height:34px;\"><a href=\"mailto:info@capsulecorp.be\" class=\"underline\">info@capsulecorp.be<\/a><\/div>   \n\n<\/div>\n<!--\/ Heading Wrapper -->\n\n\n\n\t\t<\/div>\n\t\t\t\t<\/div>\n\t\t\t\t\t<\/div>\n\t\t<\/div>\n\t\t\t\t\t<\/div>\n\t\t<\/section>\n\t\t\t\t<section class=\"elementor-section elementor-top-section elementor-element elementor-element-dcd495f wrapper-small elementor-section-boxed elementor-section-height-default elementor-section-height-default\" data-id=\"dcd495f\" data-element_type=\"section\">\n\t\t\t\t\t\t<div class=\"elementor-container elementor-column-gap-default\">\n\t\t\t\t\t<div class=\"elementor-column elementor-col-100 elementor-top-column elementor-element elementor-element-6f2daa7\" data-id=\"6f2daa7\" data-element_type=\"column\">\n\t\t\t<div class=\"elementor-widget-wrap elementor-element-populated\">\n\t\t\t\t\t\t<div class=\"elementor-element elementor-element-5337570 elementor-widget elementor-widget-shortcode\" data-id=\"5337570\" data-element_type=\"widget\" data-widget_type=\"shortcode.default\">\n\t\t\t\t<div class=\"elementor-widget-container\">\n\t\t\t\t\t<div class=\"elementor-shortcode\">\n<div class=\"wpcf7 no-js\" id=\"wpcf7-f371-o1\" lang=\"tr-TR\" dir=\"ltr\">\n<div class=\"screen-reader-response\"><p role=\"status\" aria-live=\"polite\" aria-atomic=\"true\"><\/p> <ul><\/ul><\/div>\n<form action=\"\/index.php?rest_route=%2Fwp%2Fv2%2Fpages%2F333#wpcf7-f371-o1\" method=\"post\" class=\"wpcf7-form init\" aria-label=\"Formulaire de contact\" novalidate=\"novalidate\" data-status=\"init\">\n<div style=\"display: none;\">\n<input type=\"hidden\" name=\"_wpcf7\" value=\"371\" \/>\n<input type=\"hidden\" name=\"_wpcf7_version\" value=\"5.9.4\" \/>\n<input type=\"hidden\" name=\"_wpcf7_locale\" value=\"tr_TR\" \/>\n<input type=\"hidden\" name=\"_wpcf7_unit_tag\" value=\"wpcf7-f371-o1\" \/>\n<input type=\"hidden\" name=\"_wpcf7_container_post\" value=\"0\" \/>\n<input type=\"hidden\" name=\"_wpcf7_posted_data_hash\" value=\"\" \/>\n<\/div>\n<div class=\"c-form\">\n\t<form action=\"\/\" method=\"post\">\n\t\t<div class=\"field-wrap\">\n\t\t\t<p><label><br \/>\nNom<br \/>\n<\/label><br \/>\n<span class=\"wpcf7-form-control-wrap\" data-name=\"name\"><input size=\"40\" class=\"wpcf7-form-control wpcf7-text wpcf7-validates-as-required\" aria-required=\"true\" aria-invalid=\"false\" placeholder=\"Qui \u00eates-vous?\" value=\"\" type=\"text\" name=\"name\" \/><\/span>\n\t\t\t<\/p>\n\t\t<\/div>\n\t\t<div class=\"field-wrap\">\n\t\t\t<p><label><br \/>\nMail<br \/>\n<\/label><br \/>\n<span class=\"wpcf7-form-control-wrap\" data-name=\"email\"><input size=\"40\" class=\"wpcf7-form-control wpcf7-email wpcf7-text wpcf7-validates-as-email\" aria-invalid=\"false\" placeholder=\"Vous n&#039;aurez pas de pub de notre part\" value=\"\" type=\"email\" name=\"email\" \/><\/span>\n\t\t\t<\/p>\n\t\t<\/div>\n\t\t<div class=\"field-wrap\">\n\t\t\t<p><label><br \/>\nT\u00e9l<br \/>\n<\/label><br \/>\n<span class=\"wpcf7-form-control-wrap\" data-name=\"tel\"><input size=\"40\" class=\"wpcf7-form-control wpcf7-tel wpcf7-text wpcf7-validates-as-tel\" aria-invalid=\"false\" placeholder=\"Votre numero ne sera pas distribu\u00e9\" value=\"\" type=\"tel\" name=\"tel\" \/><\/span>\n\t\t\t<\/p>\n\t\t<\/div>\n\t\t<div class=\"field-wrap\">\n\t\t\t<p><label><br \/>\nSubjet<br \/>\n<\/label><br \/>\n<span class=\"wpcf7-form-control-wrap\" data-name=\"subject\"><input size=\"40\" class=\"wpcf7-form-control wpcf7-text\" aria-invalid=\"false\" placeholder=\"Un peu de ce que vous voulez\" value=\"\" type=\"text\" name=\"subject\" \/><\/span>\n\t\t\t<\/p>\n\t\t<\/div>\n\t\t<div class=\"message-wrap\">\n\t\t\t<p><label><br \/>\nMessage<br \/>\n<\/label><br \/>\n<span class=\"wpcf7-form-control-wrap\" data-name=\"message\"><textarea cols=\"40\" rows=\"10\" class=\"wpcf7-form-control wpcf7-textarea\" aria-invalid=\"false\" placeholder=\"Plus de pr\u00e9cisions concernant votre demande..\" name=\"message\"><\/textarea><\/span>\n\t\t\t<\/p>\n\t\t<\/div>\n\t\t<div class=\"send-wrap\">\n\t\t\t<p><input class=\"wpcf7-form-control wpcf7-submit has-spinner\" type=\"submit\" value=\"Envoyer\" \/>\n\t\t\t<\/p>\n\t\t<\/div>\n\t<\/form>\n<\/div><div class=\"wpcf7-response-output\" aria-hidden=\"true\"><\/div>\n<\/form>\n<\/div>\n<\/div>\n\t\t\t\t<\/div>\n\t\t\t\t<\/div>\n\t\t\t\t\t<\/div>\n\t\t<\/div>\n\t\t\t\t\t<\/div>\n\t\t<\/section>\n\t\t\t\t<\/div>\n\t\t","protected":false},"excerpt":{"rendered":"<p>contact Contactez- nous contact contactez-nous Nous sommes impatients de discuter avec vous et de voir comment nous pouvons vous aider. Remplissez le formulaire de contact ci-dessous et nous vous r\u00e9pondrons dans les plus brefs d\u00e9lais. ADRESSE 76 Avenue Blonden 4000 Li\u00e8ge TEL +32 (0) 789 54 21 MAIL info@capsulecorp.be<\/p>\n","protected":false},"author":1,"featured_media":0,"parent":0,"menu_order":0,"comment_status":"closed","ping_status":"closed","template":"","meta":{"_acf_changed":false,"_monsterinsights_skip_tracking":false,"_monsterinsights_sitenote_active":false,"_monsterinsights_sitenote_note":"","_monsterinsights_sitenote_category":0,"footnotes":""},"class_list":["post-333","page","type-page","status-publish","hentry"],"acf":[],"aioseo_notices":[],"_links":{"self":[{"href":"https:\/\/www.doubleffect.com\/index.php?rest_route=\/wp\/v2\/pages\/333","targetHints":{"allow":["GET"]}}],"collection":[{"href":"https:\/\/www.doubleffect.com\/index.php?rest_route=\/wp\/v2\/pages"}],"about":[{"href":"https:\/\/www.doubleffect.com\/index.php?rest_route=\/wp\/v2\/types\/page"}],"author":[{"embeddable":true,"href":"https:\/\/www.doubleffect.com\/index.php?rest_route=\/wp\/v2\/users\/1"}],"replies":[{"embeddable":true,"href":"https:\/\/www.doubleffect.com\/index.php?rest_route=%2Fwp%2Fv2%2Fcomments&post=333"}],"version-history":[{"count":78,"href":"https:\/\/www.doubleffect.com\/index.php?rest_route=\/wp\/v2\/pages\/333\/revisions"}],"predecessor-version":[{"id":2817,"href":"https:\/\/www.doubleffect.com\/index.php?rest_route=\/wp\/v2\/pages\/333\/revisions\/2817"}],"wp:attachment":[{"href":"https:\/\/www.doubleffect.com\/index.php?rest_route=%2Fwp%2Fv2%2Fmedia&parent=333"}],"curies":[{"name":"wp","href":"https:\/\/api.w.org\/{rel}","templated":true}]}}